{"id":60,"date":"2015-04-06T21:05:50","date_gmt":"2015-04-06T19:49:01","guid":{"rendered":"https:\/\/jerome-tavernier.com\/fr\/?page_id=56"},"modified":"2015-04-07T01:24:35","modified_gmt":"2015-04-07T00:24:35","slug":"home","status":"publish","type":"page","link":"https:\/\/jerome-tavernier.com\/fr\/","title":{"rendered":"Home"},"content":{"rendered":"","protected":false},"excerpt":{"rendered":"","protected":false},"author":1,"featured_media":0,"parent":0,"menu_order":0,"comment_status":"open","ping_status":"open","template":"homepage.php","meta":{"footnotes":""},"class_list":["post-60","page","type-page","status-publish","hentry"],"yoast_head":"<!-- This site is optimized with the Yoast SEO plugin v27.3 - https:\/\/yoast.com\/product\/yoast-seo-wordpress\/ -->\n<title>Home - J\u00e9r\u00f4me Tavernier - Curriculum Vitae<\/title>\n<meta name=\"description\" content=\"Welcome on J\u00e9r\u00f4me Tavernier&#039;s website where you can find his Curriculum Vitae and more informations about his work and his life. Feel free to contact him !\" \/>\n<meta name=\"robots\" content=\"index, follow, max-snippet:-1, max-image-preview:large, max-video-preview:-1\" \/>\n<link rel=\"canonical\" href=\"https:\/\/jerome-tavernier.com\/fr\/\" \/>\n<script type=\"application\/ld+json\" class=\"yoast-schema-graph\">{\"@context\":\"https:\\\/\\\/schema.org\",\"@graph\":[{\"@type\":\"BreadcrumbList\",\"@id\":\"https:\\\/\\\/jerome-tavernier.com\\\/fr\\\/#breadcrumb\",\"itemListElement\":[{\"@type\":\"ListItem\",\"position\":1,\"name\":\"Accueil\",\"item\":\"https:\\\/\\\/jerome-tavernier.com\\\/fr\\\/\"},{\"@type\":\"ListItem\",\"position\":2,\"name\":\"Home\"}]}]}<\/script>\n<!-- \/ Yoast SEO plugin. -->","yoast_head_json":{"title":"Home - J\u00e9r\u00f4me Tavernier - Curriculum Vitae","description":"Welcome on J\u00e9r\u00f4me Tavernier's website where you can find his Curriculum Vitae and more informations about his work and his life. Feel free to contact him !","robots":{"index":"index","follow":"follow","max-snippet":"max-snippet:-1","max-image-preview":"max-image-preview:large","max-video-preview":"max-video-preview:-1"},"canonical":"https:\/\/jerome-tavernier.com\/fr\/","schema":{"@context":"https:\/\/schema.org","@graph":[{"@type":"BreadcrumbList","@id":"https:\/\/jerome-tavernier.com\/fr\/#breadcrumb","itemListElement":[{"@type":"ListItem","position":1,"name":"Accueil","item":"https:\/\/jerome-tavernier.com\/fr\/"},{"@type":"ListItem","position":2,"name":"Home"}]}]}},"_links":{"self":[{"href":"https:\/\/jerome-tavernier.com\/fr\/wp-json\/wp\/v2\/pages\/60","targetHints":{"allow":["GET"]}}],"collection":[{"href":"https:\/\/jerome-tavernier.com\/fr\/wp-json\/wp\/v2\/pages"}],"about":[{"href":"https:\/\/jerome-tavernier.com\/fr\/wp-json\/wp\/v2\/types\/page"}],"author":[{"embeddable":true,"href":"https:\/\/jerome-tavernier.com\/fr\/wp-json\/wp\/v2\/users\/1"}],"replies":[{"embeddable":true,"href":"https:\/\/jerome-tavernier.com\/fr\/wp-json\/wp\/v2\/comments?post=60"}],"version-history":[{"count":1,"href":"https:\/\/jerome-tavernier.com\/fr\/wp-json\/wp\/v2\/pages\/60\/revisions"}],"predecessor-version":[{"id":103,"href":"https:\/\/jerome-tavernier.com\/fr\/wp-json\/wp\/v2\/pages\/60\/revisions\/103"}],"wp:attachment":[{"href":"https:\/\/jerome-tavernier.com\/fr\/wp-json\/wp\/v2\/media?parent=60"}],"curies":[{"name":"wp","href":"https:\/\/api.w.org\/{rel}","templated":true}]}}